{"id":22,"date":"2020-04-27T12:02:10","date_gmt":"2020-04-27T12:02:10","guid":{"rendered":"https:\/\/ig-schiffsmodellbau-berlin-mahlow.de\/wordpress\/?page_id=22"},"modified":"2024-01-14T14:05:05","modified_gmt":"2024-01-14T12:05:05","slug":"start","status":"publish","type":"page","link":"https:\/\/ig-schiffsmodellbau-berlin-mahlow.de\/","title":{"rendered":"Start"},"content":{"rendered":"\t\t<div data-elementor-type=\"wp-page\" data-elementor-id=\"22\" class=\"elementor elementor-22\" data-elementor-settings=\"[]\">\n\t\t\t\t\t\t<div class=\"elementor-inner\">\n\t\t\t\t\t\t\t<div class=\"elementor-section-wrap\">\n\t\t\t\t\t\t\t<section class=\"elementor-section elementor-top-section elementor-element elementor-element-e7132cd elementor-section-boxed elementor-section-height-default elementor-section-height-default\" data-id=\"e7132cd\" data-element_type=\"section\">\n\t\t\t\t\t\t<div class=\"elementor-container elementor-column-gap-default\">\n\t\t\t\t\t\t\t<div class=\"elementor-row\">\n\t\t\t\t\t<div class=\"elementor-column elementor-col-100 elementor-top-column elementor-element elementor-element-0eda41b\" data-id=\"0eda41b\" data-element_type=\"column\">\n\t\t\t<div class=\"elementor-column-wrap elementor-element-populated\">\n\t\t\t\t\t\t\t<div class=\"elementor-widget-wrap\">\n\t\t\t\t\t\t<div class=\"elementor-element elementor-element-42289f5 elementor-widget elementor-widget-text-editor\" data-id=\"42289f5\" data-element_type=\"widget\" data-widget_type=\"text-editor.default\">\n\t\t\t\t<div class=\"elementor-widget-container\">\n\t\t\t\t\t<div class=\"elementor-text-editor elementor-clearfix\"><h2 class=\"MsoNormal\"><strong>Herzlich Willkommen auf dieser Webseite<\/strong>,<\/h2><p class=\"MsoNormal\">hier werden die zur Zeit vorhandenen Modelle vorgestellt, Termine bekanntgegeben, Bilder von Veranstaltungen gezeigt und andere interessante Seiten vorgestellt.<\/p><p class=\"MsoNormal\">Neben der Ausstellung und Vorf\u00fchrung der Modelle gilt unser Augenmerk der \u201eInfizierung\u201c von Kindern mit dem Hobby Schiffsmodellbau. Wir haben daf\u00fcr z.Zt. 8 Boote der Fa. Aeronaut im Einsatz sowie ein eigenes transportables Becken, das variabel in der max. Gr\u00f6\u00dfe 3,6m x 7,2m aufgebaut werden kann. Kinder k\u00f6nnen dann auf diesem Becken mit den Kinderbooten fahren. Anfragen hierzu sind erw\u00fcnscht.<\/p><p class=\"MsoNormal\">F\u00fcr Anregungen, Anfragen, W\u00fcnsche usw. die das Hobby betreffen sind wir jederzeit offen.<\/p><p class=\"MsoNormal\">Viel Spa\u00df auf der Seite<\/p><\/div>\n\t\t\t\t<\/div>\n\t\t\t\t<\/div>\n\t\t\t\t\t\t<\/div>\n\t\t\t\t\t<\/div>\n\t\t<\/div>\n\t\t\t\t\t\t\t\t<\/div>\n\t\t\t\t\t<\/div>\n\t\t<\/section>\n\t\t\t\t<section class=\"elementor-section elementor-top-section elementor-element elementor-element-70220da elementor-section-boxed elementor-section-height-default elementor-section-height-default\" data-id=\"70220da\" data-element_type=\"section\">\n\t\t\t\t\t\t<div class=\"elementor-container elementor-column-gap-default\">\n\t\t\t\t\t\t\t<div class=\"elementor-row\">\n\t\t\t\t\t<div class=\"elementor-column elementor-col-100 elementor-top-column elementor-element elementor-element-bd88d68\" data-id=\"bd88d68\" data-element_type=\"column\">\n\t\t\t<div class=\"elementor-column-wrap elementor-element-populated\">\n\t\t\t\t\t\t\t<div class=\"elementor-widget-wrap\">\n\t\t\t\t\t\t<div class=\"elementor-element elementor-element-8f13388 elementor-widget elementor-widget-image\" data-id=\"8f13388\" data-element_type=\"widget\" data-widget_type=\"image.default\">\n\t\t\t\t<div class=\"elementor-widget-container\">\n\t\t\t\t\t<div class=\"elementor-image\">\n\t\t\t\t\t\t\t\t\t\t<img loading=\"lazy\" decoding=\"async\" width=\"800\" height=\"245\" src=\"https:\/\/ig-schiffsmodellbau-berlin-mahlow.de\/wp-content\/uploads\/2020\/04\/rescue-ship-2761116_1920-1024x314.jpg\" class=\"attachment-large size-large\" alt=\"\" srcset=\"https:\/\/ig-schiffsmodellbau-berlin-mahlow.de\/wp-content\/uploads\/2020\/04\/rescue-ship-2761116_1920-1024x314.jpg 1024w, https:\/\/ig-schiffsmodellbau-berlin-mahlow.de\/wp-content\/uploads\/2020\/04\/rescue-ship-2761116_1920-300x92.jpg 300w, https:\/\/ig-schiffsmodellbau-berlin-mahlow.de\/wp-content\/uploads\/2020\/04\/rescue-ship-2761116_1920-768x236.jpg 768w, https:\/\/ig-schiffsmodellbau-berlin-mahlow.de\/wp-content\/uploads\/2020\/04\/rescue-ship-2761116_1920-1536x471.jpg 1536w, https:\/\/ig-schiffsmodellbau-berlin-mahlow.de\/wp-content\/uploads\/2020\/04\/rescue-ship-2761116_1920.jpg 1920w\" sizes=\"auto, (max-width: 800px) 100vw, 800px\" \/>\t\t\t\t\t\t\t\t\t\t\t<\/div>\n\t\t\t\t<\/div>\n\t\t\t\t<\/div>\n\t\t\t\t\t\t<\/div>\n\t\t\t\t\t<\/div>\n\t\t<\/div>\n\t\t\t\t\t\t\t\t<\/div>\n\t\t\t\t\t<\/div>\n\t\t<\/section>\n\t\t\t\t\t\t<\/div>\n\t\t\t\t\t\t<\/div>\n\t\t\t\t\t<\/div>\n\t\t","protected":false},"excerpt":{"rendered":"<p>Herzlich Willkommen auf dieser Webseite, hier werden die zur Zeit vorhandenen Modelle vorgestellt, Termine bekanntgegeben, Bilder von Veranstaltungen gezeigt und andere interessante Seiten vorgestellt. Neben der Ausstellung und Vorf\u00fchrung der Modelle gilt unser Augenmerk der \u201eInfizierung\u201c von Kindern mit dem Hobby Schiffsmodellbau. Wir haben daf\u00fcr z.Zt. 8 Boote der Fa. Aeronaut im Einsatz sowie ein [&hellip;]<\/p>\n","protected":false},"author":2,"featured_media":0,"parent":0,"menu_order":0,"comment_status":"closed","ping_status":"closed","template":"","meta":{"gt_page_layout":"","gt_hide_page_title":true,"gt_remove_bottom_margin":false,"footnotes":""},"class_list":["post-22","page","type-page","status-publish","hentry"],"_links":{"self":[{"href":"https:\/\/ig-schiffsmodellbau-berlin-mahlow.de\/index.php?rest_route=\/wp\/v2\/pages\/22","targetHints":{"allow":["GET"]}}],"collection":[{"href":"https:\/\/ig-schiffsmodellbau-berlin-mahlow.de\/index.php?rest_route=\/wp\/v2\/pages"}],"about":[{"href":"https:\/\/ig-schiffsmodellbau-berlin-mahlow.de\/index.php?rest_route=\/wp\/v2\/types\/page"}],"author":[{"embeddable":true,"href":"https:\/\/ig-schiffsmodellbau-berlin-mahlow.de\/index.php?rest_route=\/wp\/v2\/users\/2"}],"replies":[{"embeddable":true,"href":"https:\/\/ig-schiffsmodellbau-berlin-mahlow.de\/index.php?rest_route=%2Fwp%2Fv2%2Fcomments&post=22"}],"version-history":[{"count":20,"href":"https:\/\/ig-schiffsmodellbau-berlin-mahlow.de\/index.php?rest_route=\/wp\/v2\/pages\/22\/revisions"}],"predecessor-version":[{"id":1071,"href":"https:\/\/ig-schiffsmodellbau-berlin-mahlow.de\/index.php?rest_route=\/wp\/v2\/pages\/22\/revisions\/1071"}],"wp:attachment":[{"href":"https:\/\/ig-schiffsmodellbau-berlin-mahlow.de\/index.php?rest_route=%2Fwp%2Fv2%2Fmedia&parent=22"}],"curies":[{"name":"wp","href":"https:\/\/api.w.org\/{rel}","templated":true}]}}