{"id":24,"date":"2020-04-27T12:02:10","date_gmt":"2020-04-27T12:02:10","guid":{"rendered":"https:\/\/ig-schiffsmodellbau-berlin-mahlow.de\/wordpress\/?page_id=24"},"modified":"2022-07-07T14:47:48","modified_gmt":"2022-07-07T12:47:48","slug":"veranstaltungen","status":"publish","type":"page","link":"https:\/\/ig-schiffsmodellbau-berlin-mahlow.de\/?page_id=24","title":{"rendered":"Veranstaltungen"},"content":{"rendered":"\t\t<div data-elementor-type=\"wp-page\" data-elementor-id=\"24\" class=\"elementor elementor-24\" data-elementor-settings=\"[]\">\n\t\t\t\t\t\t<div class=\"elementor-inner\">\n\t\t\t\t\t\t\t<div class=\"elementor-section-wrap\">\n\t\t\t\t\t\t\t<section class=\"elementor-section elementor-top-section elementor-element elementor-element-575e0f9 elementor-section-boxed elementor-section-height-default elementor-section-height-default\" data-id=\"575e0f9\" data-element_type=\"section\">\n\t\t\t\t\t\t<div class=\"elementor-container elementor-column-gap-default\">\n\t\t\t\t\t\t\t<div class=\"elementor-row\">\n\t\t\t\t\t<div class=\"elementor-column elementor-col-100 elementor-top-column elementor-element elementor-element-7efce70\" data-id=\"7efce70\" data-element_type=\"column\">\n\t\t\t<div class=\"elementor-column-wrap elementor-element-populated\">\n\t\t\t\t\t\t\t<div class=\"elementor-widget-wrap\">\n\t\t\t\t\t\t<div class=\"elementor-element elementor-element-4263ded elementor-widget elementor-widget-toggle\" data-id=\"4263ded\" data-element_type=\"widget\" data-widget_type=\"toggle.default\">\n\t\t\t\t<div class=\"elementor-widget-container\">\n\t\t\t\t\t<div class=\"elementor-toggle\" role=\"tablist\">\n\t\t\t\t\t\t\t<div class=\"elementor-toggle-item\">\n\t\t\t\t\t<div id=\"elementor-tab-title-6961\" class=\"elementor-tab-title\" data-tab=\"1\" role=\"tab\" aria-controls=\"elementor-tab-content-6961\" aria-expanded=\"false\">\n\t\t\t\t\t\t\t\t\t\t\t\t<a href=\"\" class=\"elementor-toggle-title\">Veranstaltungsvideo<\/a>\n\t\t\t\t\t<\/div>\n\t\t\t\t\t<div id=\"elementor-tab-content-6961\" class=\"elementor-tab-content elementor-clearfix\" data-tab=\"1\" role=\"tabpanel\" aria-labelledby=\"elementor-tab-title-6961\"><div style=\"width: 800px;\" class=\"wp-video\"><video class=\"wp-video-shortcode\" id=\"video-24-1\" width=\"800\" height=\"800\" preload=\"metadata\" controls=\"controls\"><source type=\"video\/mp4\" src=\"https:\/\/ig-schiffsmodellbau-berlin-mahlow.de\/wp-content\/uploads\/2020\/04\/VIDEO0023d.mp4?_=1\" \/><a href=\"https:\/\/ig-schiffsmodellbau-berlin-mahlow.de\/wp-content\/uploads\/2020\/04\/VIDEO0023d.mp4\">https:\/\/ig-schiffsmodellbau-berlin-mahlow.de\/wp-content\/uploads\/2020\/04\/VIDEO0023d.mp4<\/a><\/video><\/div><\/div>\n\t\t\t\t<\/div>\n\t\t\t\t\t\t\t<div class=\"elementor-toggle-item\">\n\t\t\t\t\t<div id=\"elementor-tab-title-6962\" class=\"elementor-tab-title\" data-tab=\"2\" role=\"tab\" aria-controls=\"elementor-tab-content-6962\" aria-expanded=\"false\">\n\t\t\t\t\t\t\t\t\t\t\t\t<a href=\"\" class=\"elementor-toggle-title\">Friedrichroda 2019<\/a>\n\t\t\t\t\t<\/div>\n\t\t\t\t\t<div id=\"elementor-tab-content-6962\" class=\"elementor-tab-content elementor-clearfix\" data-tab=\"2\" role=\"tabpanel\" aria-labelledby=\"elementor-tab-title-6962\"><a href=\"https:\/\/ig-schiffsmodellbau-berlin-mahlow.de\/wp-content\/uploads\/2020\/04\/FR2019-3.jpg\"><img loading=\"lazy\" decoding=\"async\" class=\"alignnone size-medium wp-image-248\" src=\"https:\/\/ig-schiffsmodellbau-berlin-mahlow.de\/wp-content\/uploads\/2020\/04\/FR2019-3-300x220.jpg\" alt=\"\" width=\"300\" height=\"220\" srcset=\"https:\/\/ig-schiffsmodellbau-berlin-mahlow.de\/wp-content\/uploads\/2020\/04\/FR2019-3-300x220.jpg 300w, https:\/\/ig-schiffsmodellbau-berlin-mahlow.de\/wp-content\/uploads\/2020\/04\/FR2019-3-1024x752.jpg 1024w, https:\/\/ig-schiffsmodellbau-berlin-mahlow.de\/wp-content\/uploads\/2020\/04\/FR2019-3-768x564.jpg 768w, https:\/\/ig-schiffsmodellbau-berlin-mahlow.de\/wp-content\/uploads\/2020\/04\/FR2019-3-1536x1128.jpg 1536w, https:\/\/ig-schiffsmodellbau-berlin-mahlow.de\/wp-content\/uploads\/2020\/04\/FR2019-3.jpg 1920w\" sizes=\"auto, (max-width: 300px) 100vw, 300px\" \/><\/a> <a href=\"https:\/\/ig-schiffsmodellbau-berlin-mahlow.de\/wp-content\/uploads\/2020\/04\/FR2019-4.jpg\"><img loading=\"lazy\" decoding=\"async\" class=\"alignnone size-medium wp-image-249\" src=\"https:\/\/ig-schiffsmodellbau-berlin-mahlow.de\/wp-content\/uploads\/2020\/04\/FR2019-4-300x228.jpg\" alt=\"\" width=\"300\" height=\"228\" srcset=\"https:\/\/ig-schiffsmodellbau-berlin-mahlow.de\/wp-content\/uploads\/2020\/04\/FR2019-4-300x228.jpg 300w, https:\/\/ig-schiffsmodellbau-berlin-mahlow.de\/wp-content\/uploads\/2020\/04\/FR2019-4-1024x780.jpg 1024w, https:\/\/ig-schiffsmodellbau-berlin-mahlow.de\/wp-content\/uploads\/2020\/04\/FR2019-4-768x585.jpg 768w, https:\/\/ig-schiffsmodellbau-berlin-mahlow.de\/wp-content\/uploads\/2020\/04\/FR2019-4-1536x1170.jpg 1536w, https:\/\/ig-schiffsmodellbau-berlin-mahlow.de\/wp-content\/uploads\/2020\/04\/FR2019-4.jpg 1920w\" sizes=\"auto, (max-width: 300px) 100vw, 300px\" \/><\/a> <a href=\"https:\/\/ig-schiffsmodellbau-berlin-mahlow.de\/wp-content\/uploads\/2020\/04\/FR2019-5.jpg\"><img loading=\"lazy\" decoding=\"async\" class=\"alignnone size-medium wp-image-250\" src=\"https:\/\/ig-schiffsmodellbau-berlin-mahlow.de\/wp-content\/uploads\/2020\/04\/FR2019-5-300x214.jpg\" alt=\"\" width=\"300\" height=\"214\" srcset=\"https:\/\/ig-schiffsmodellbau-berlin-mahlow.de\/wp-content\/uploads\/2020\/04\/FR2019-5-300x214.jpg 300w, https:\/\/ig-schiffsmodellbau-berlin-mahlow.de\/wp-content\/uploads\/2020\/04\/FR2019-5-1024x732.jpg 1024w, https:\/\/ig-schiffsmodellbau-berlin-mahlow.de\/wp-content\/uploads\/2020\/04\/FR2019-5-768x549.jpg 768w, https:\/\/ig-schiffsmodellbau-berlin-mahlow.de\/wp-content\/uploads\/2020\/04\/FR2019-5-1536x1098.jpg 1536w, https:\/\/ig-schiffsmodellbau-berlin-mahlow.de\/wp-content\/uploads\/2020\/04\/FR2019-5.jpg 1920w\" sizes=\"auto, (max-width: 300px) 100vw, 300px\" \/><\/a> <a href=\"https:\/\/ig-schiffsmodellbau-berlin-mahlow.de\/wp-content\/uploads\/2020\/04\/FR2019-6.jpg\"><img loading=\"lazy\" decoding=\"async\" class=\"alignnone size-medium wp-image-251\" src=\"https:\/\/ig-schiffsmodellbau-berlin-mahlow.de\/wp-content\/uploads\/2020\/04\/FR2019-6-300x240.jpg\" alt=\"\" width=\"300\" height=\"240\" srcset=\"https:\/\/ig-schiffsmodellbau-berlin-mahlow.de\/wp-content\/uploads\/2020\/04\/FR2019-6-300x240.jpg 300w, https:\/\/ig-schiffsmodellbau-berlin-mahlow.de\/wp-content\/uploads\/2020\/04\/FR2019-6-1024x821.jpg 1024w, https:\/\/ig-schiffsmodellbau-berlin-mahlow.de\/wp-content\/uploads\/2020\/04\/FR2019-6-768x616.jpg 768w, https:\/\/ig-schiffsmodellbau-berlin-mahlow.de\/wp-content\/uploads\/2020\/04\/FR2019-6-1536x1231.jpg 1536w, https:\/\/ig-schiffsmodellbau-berlin-mahlow.de\/wp-content\/uploads\/2020\/04\/FR2019-6.jpg 1920w\" sizes=\"auto, (max-width: 300px) 100vw, 300px\" \/><\/a> <a href=\"https:\/\/ig-schiffsmodellbau-berlin-mahlow.de\/wp-content\/uploads\/2020\/04\/FR2019-7.jpg\"><img loading=\"lazy\" decoding=\"async\" class=\"alignnone size-medium wp-image-252\" src=\"https:\/\/ig-schiffsmodellbau-berlin-mahlow.de\/wp-content\/uploads\/2020\/04\/FR2019-7-300x174.jpg\" alt=\"\" width=\"300\" height=\"174\" srcset=\"https:\/\/ig-schiffsmodellbau-berlin-mahlow.de\/wp-content\/uploads\/2020\/04\/FR2019-7-300x174.jpg 300w, https:\/\/ig-schiffsmodellbau-berlin-mahlow.de\/wp-content\/uploads\/2020\/04\/FR2019-7-1024x593.jpg 1024w, https:\/\/ig-schiffsmodellbau-berlin-mahlow.de\/wp-content\/uploads\/2020\/04\/FR2019-7-768x444.jpg 768w, https:\/\/ig-schiffsmodellbau-berlin-mahlow.de\/wp-content\/uploads\/2020\/04\/FR2019-7-1536x889.jpg 1536w, https:\/\/ig-schiffsmodellbau-berlin-mahlow.de\/wp-content\/uploads\/2020\/04\/FR2019-7.jpg 1920w\" sizes=\"auto, (max-width: 300px) 100vw, 300px\" \/><\/a> <a href=\"https:\/\/ig-schiffsmodellbau-berlin-mahlow.de\/wp-content\/uploads\/2020\/04\/FR2019-8.jpg\"><img loading=\"lazy\" decoding=\"async\" class=\"alignnone size-medium wp-image-253\" src=\"https:\/\/ig-schiffsmodellbau-berlin-mahlow.de\/wp-content\/uploads\/2020\/04\/FR2019-8-300x185.jpg\" alt=\"\" width=\"300\" height=\"185\" srcset=\"https:\/\/ig-schiffsmodellbau-berlin-mahlow.de\/wp-content\/uploads\/2020\/04\/FR2019-8-300x185.jpg 300w, https:\/\/ig-schiffsmodellbau-berlin-mahlow.de\/wp-content\/uploads\/2020\/04\/FR2019-8-1024x633.jpg 1024w, https:\/\/ig-schiffsmodellbau-berlin-mahlow.de\/wp-content\/uploads\/2020\/04\/FR2019-8-768x474.jpg 768w, https:\/\/ig-schiffsmodellbau-berlin-mahlow.de\/wp-content\/uploads\/2020\/04\/FR2019-8-1536x949.jpg 1536w, https:\/\/ig-schiffsmodellbau-berlin-mahlow.de\/wp-content\/uploads\/2020\/04\/FR2019-8.jpg 1920w\" sizes=\"auto, (max-width: 300px) 100vw, 300px\" \/><\/a> <a href=\"https:\/\/ig-schiffsmodellbau-berlin-mahlow.de\/wp-content\/uploads\/2020\/04\/FR2019-9.jpg\"><img loading=\"lazy\" decoding=\"async\" class=\"alignnone size-medium wp-image-254\" src=\"https:\/\/ig-schiffsmodellbau-berlin-mahlow.de\/wp-content\/uploads\/2020\/04\/FR2019-9-300x204.jpg\" alt=\"\" width=\"300\" height=\"204\" srcset=\"https:\/\/ig-schiffsmodellbau-berlin-mahlow.de\/wp-content\/uploads\/2020\/04\/FR2019-9-300x204.jpg 300w, https:\/\/ig-schiffsmodellbau-berlin-mahlow.de\/wp-content\/uploads\/2020\/04\/FR2019-9-1024x698.jpg 1024w, https:\/\/ig-schiffsmodellbau-berlin-mahlow.de\/wp-content\/uploads\/2020\/04\/FR2019-9-768x523.jpg 768w, https:\/\/ig-schiffsmodellbau-berlin-mahlow.de\/wp-content\/uploads\/2020\/04\/FR2019-9-1536x1046.jpg 1536w, https:\/\/ig-schiffsmodellbau-berlin-mahlow.de\/wp-content\/uploads\/2020\/04\/FR2019-9.jpg 1920w\" sizes=\"auto, (max-width: 300px) 100vw, 300px\" \/><\/a> <a href=\"https:\/\/ig-schiffsmodellbau-berlin-mahlow.de\/wp-content\/uploads\/2020\/04\/FR2019-10.jpg\"><img loading=\"lazy\" decoding=\"async\" class=\"alignnone size-medium wp-image-255\" src=\"https:\/\/ig-schiffsmodellbau-berlin-mahlow.de\/wp-content\/uploads\/2020\/04\/FR2019-10-300x183.jpg\" alt=\"\" width=\"300\" height=\"183\" srcset=\"https:\/\/ig-schiffsmodellbau-berlin-mahlow.de\/wp-content\/uploads\/2020\/04\/FR2019-10-300x183.jpg 300w, https:\/\/ig-schiffsmodellbau-berlin-mahlow.de\/wp-content\/uploads\/2020\/04\/FR2019-10-1024x625.jpg 1024w, https:\/\/ig-schiffsmodellbau-berlin-mahlow.de\/wp-content\/uploads\/2020\/04\/FR2019-10-768x468.jpg 768w, https:\/\/ig-schiffsmodellbau-berlin-mahlow.de\/wp-content\/uploads\/2020\/04\/FR2019-10-1536x937.jpg 1536w, https:\/\/ig-schiffsmodellbau-berlin-mahlow.de\/wp-content\/uploads\/2020\/04\/FR2019-10.jpg 1920w\" sizes=\"auto, (max-width: 300px) 100vw, 300px\" \/><\/a> <a href=\"https:\/\/ig-schiffsmodellbau-berlin-mahlow.de\/wp-content\/uploads\/2020\/04\/FR2019-11.jpg\"><img loading=\"lazy\" decoding=\"async\" class=\"alignnone size-medium wp-image-256\" src=\"https:\/\/ig-schiffsmodellbau-berlin-mahlow.de\/wp-content\/uploads\/2020\/04\/FR2019-11-300x234.jpg\" alt=\"\" width=\"300\" height=\"234\" srcset=\"https:\/\/ig-schiffsmodellbau-berlin-mahlow.de\/wp-content\/uploads\/2020\/04\/FR2019-11-300x234.jpg 300w, https:\/\/ig-schiffsmodellbau-berlin-mahlow.de\/wp-content\/uploads\/2020\/04\/FR2019-11-1024x800.jpg 1024w, https:\/\/ig-schiffsmodellbau-berlin-mahlow.de\/wp-content\/uploads\/2020\/04\/FR2019-11-768x600.jpg 768w, https:\/\/ig-schiffsmodellbau-berlin-mahlow.de\/wp-content\/uploads\/2020\/04\/FR2019-11.jpg 1511w\" sizes=\"auto, (max-width: 300px) 100vw, 300px\" \/><\/a> <a href=\"https:\/\/ig-schiffsmodellbau-berlin-mahlow.de\/wp-content\/uploads\/2020\/04\/FR2019-12.jpg\"><img loading=\"lazy\" decoding=\"async\" class=\"alignnone size-medium wp-image-257\" src=\"https:\/\/ig-schiffsmodellbau-berlin-mahlow.de\/wp-content\/uploads\/2020\/04\/FR2019-12-300x225.jpg\" alt=\"\" width=\"300\" height=\"225\" srcset=\"https:\/\/ig-schiffsmodellbau-berlin-mahlow.de\/wp-content\/uploads\/2020\/04\/FR2019-12-300x225.jpg 300w, https:\/\/ig-schiffsmodellbau-berlin-mahlow.de\/wp-content\/uploads\/2020\/04\/FR2019-12-1024x768.jpg 1024w, https:\/\/ig-schiffsmodellbau-berlin-mahlow.de\/wp-content\/uploads\/2020\/04\/FR2019-12-768x576.jpg 768w, https:\/\/ig-schiffsmodellbau-berlin-mahlow.de\/wp-content\/uploads\/2020\/04\/FR2019-12-1536x1152.jpg 1536w, https:\/\/ig-schiffsmodellbau-berlin-mahlow.de\/wp-content\/uploads\/2020\/04\/FR2019-12.jpg 1920w\" sizes=\"auto, (max-width: 300px) 100vw, 300px\" \/><\/a><\/div>\n\t\t\t\t<\/div>\n\t\t\t\t\t\t\t<div class=\"elementor-toggle-item\">\n\t\t\t\t\t<div id=\"elementor-tab-title-6963\" class=\"elementor-tab-title\" data-tab=\"3\" role=\"tab\" aria-controls=\"elementor-tab-content-6963\" aria-expanded=\"false\">\n\t\t\t\t\t\t\t\t\t\t\t\t<a href=\"\" class=\"elementor-toggle-title\">Mercedes 2011<\/a>\n\t\t\t\t\t<\/div>\n\t\t\t\t\t<div id=\"elementor-tab-content-6963\" class=\"elementor-tab-content elementor-clearfix\" data-tab=\"3\" role=\"tabpanel\" aria-labelledby=\"elementor-tab-title-6963\">Seit einigen Jahren findet man uns ein bis zweimal im Jahr in der Mercedeswelt am Salzufer.\nIm Haus gibt es einige Wasserfl\u00e4chen und auf einer dieser Fl\u00e4chen wird der Hafen aufgebaut und Kinderbootfahren angeboten.\n\n<img loading=\"lazy\" decoding=\"async\" class=\"alignnone wp-image-131 size-full\" src=\"https:\/\/ig-schiffsmodellbau-berlin-mahlow.de\/wp-content\/uploads\/2020\/04\/merc2011-1.jpg\" alt=\"\" width=\"640\" height=\"480\" srcset=\"https:\/\/ig-schiffsmodellbau-berlin-mahlow.de\/wp-content\/uploads\/2020\/04\/merc2011-1.jpg 640w, https:\/\/ig-schiffsmodellbau-berlin-mahlow.de\/wp-content\/uploads\/2020\/04\/merc2011-1-300x225.jpg 300w\" sizes=\"auto, (max-width: 640px) 100vw, 640px\" \/><a href=\"https:\/\/ig-schiffsmodellbau-berlin-mahlow.de\/wp-content\/uploads\/2020\/04\/merc2011-3.jpg\"><img loading=\"lazy\" decoding=\"async\" class=\"alignnone wp-image-134 size-full\" src=\"https:\/\/ig-schiffsmodellbau-berlin-mahlow.de\/wp-content\/uploads\/2020\/04\/merc2011-3.jpg\" alt=\"\" width=\"640\" height=\"480\" srcset=\"https:\/\/ig-schiffsmodellbau-berlin-mahlow.de\/wp-content\/uploads\/2020\/04\/merc2011-3.jpg 640w, https:\/\/ig-schiffsmodellbau-berlin-mahlow.de\/wp-content\/uploads\/2020\/04\/merc2011-3-300x225.jpg 300w\" sizes=\"auto, (max-width: 640px) 100vw, 640px\" \/><\/a> <a href=\"https:\/\/ig-schiffsmodellbau-berlin-mahlow.de\/wp-content\/uploads\/2020\/04\/merc2011-2.jpg\"><img loading=\"lazy\" decoding=\"async\" class=\"alignnone wp-image-133 size-full\" src=\"https:\/\/ig-schiffsmodellbau-berlin-mahlow.de\/wp-content\/uploads\/2020\/04\/merc2011-2.jpg\" alt=\"\" width=\"640\" height=\"480\" srcset=\"https:\/\/ig-schiffsmodellbau-berlin-mahlow.de\/wp-content\/uploads\/2020\/04\/merc2011-2.jpg 640w, https:\/\/ig-schiffsmodellbau-berlin-mahlow.de\/wp-content\/uploads\/2020\/04\/merc2011-2-300x225.jpg 300w\" sizes=\"auto, (max-width: 640px) 100vw, 640px\" \/><\/a> <a href=\"https:\/\/ig-schiffsmodellbau-berlin-mahlow.de\/wp-content\/uploads\/2020\/04\/merc2011-4.jpg\"><img loading=\"lazy\" decoding=\"async\" class=\"alignnone wp-image-135 size-full\" src=\"https:\/\/ig-schiffsmodellbau-berlin-mahlow.de\/wp-content\/uploads\/2020\/04\/merc2011-4.jpg\" alt=\"\" width=\"640\" height=\"480\" srcset=\"https:\/\/ig-schiffsmodellbau-berlin-mahlow.de\/wp-content\/uploads\/2020\/04\/merc2011-4.jpg 640w, https:\/\/ig-schiffsmodellbau-berlin-mahlow.de\/wp-content\/uploads\/2020\/04\/merc2011-4-300x225.jpg 300w\" sizes=\"auto, (max-width: 640px) 100vw, 640px\" \/><\/a> <a href=\"https:\/\/ig-schiffsmodellbau-berlin-mahlow.de\/wp-content\/uploads\/2020\/04\/merc2011-5.jpg\"><img loading=\"lazy\" decoding=\"async\" class=\"alignnone wp-image-136 size-full\" src=\"https:\/\/ig-schiffsmodellbau-berlin-mahlow.de\/wp-content\/uploads\/2020\/04\/merc2011-5.jpg\" alt=\"\" width=\"640\" height=\"480\" srcset=\"https:\/\/ig-schiffsmodellbau-berlin-mahlow.de\/wp-content\/uploads\/2020\/04\/merc2011-5.jpg 640w, https:\/\/ig-schiffsmodellbau-berlin-mahlow.de\/wp-content\/uploads\/2020\/04\/merc2011-5-300x225.jpg 300w\" sizes=\"auto, (max-width: 640px) 100vw, 640px\" \/><\/a><\/div>\n\t\t\t\t<\/div>\n\t\t\t\t\t\t\t<div class=\"elementor-toggle-item\">\n\t\t\t\t\t<div id=\"elementor-tab-title-6964\" class=\"elementor-tab-title\" data-tab=\"4\" role=\"tab\" aria-controls=\"elementor-tab-content-6964\" aria-expanded=\"false\">\n\t\t\t\t\t\t\t\t\t\t\t\t<a href=\"\" class=\"elementor-toggle-title\">ZIBB -Ankogelbad  - 2011<\/a>\n\t\t\t\t\t<\/div>\n\t\t\t\t\t<div id=\"elementor-tab-content-6964\" class=\"elementor-tab-content elementor-clearfix\" data-tab=\"4\" role=\"tabpanel\" aria-labelledby=\"elementor-tab-title-6964\"><p>Ein Beitrag von ZIBB aus dem Ankogelbad von 2011:<\/p><div style=\"width: 640px;\" class=\"wp-video\"><video class=\"wp-video-shortcode\" id=\"video-24-2\" width=\"640\" height=\"480\" preload=\"metadata\" controls=\"controls\"><source type=\"video\/mp4\" src=\"https:\/\/ig-schiffsmodellbau-berlin-mahlow.de\/wp-content\/uploads\/2020\/06\/Ankogelbad%207.10.11_5.mp4?_=2\" \/><a href=\"https:\/\/ig-schiffsmodellbau-berlin-mahlow.de\/wp-content\/uploads\/2020\/06\/Ankogelbad%207.10.11_5.mp4\">https:\/\/ig-schiffsmodellbau-berlin-mahlow.de\/wp-content\/uploads\/2020\/06\/Ankogelbad%207.10.11_5.mp4<\/a><\/video><\/div><\/div>\n\t\t\t\t<\/div>\n\t\t\t\t\t\t\t<div class=\"elementor-toggle-item\">\n\t\t\t\t\t<div id=\"elementor-tab-title-6965\" class=\"elementor-tab-title\" data-tab=\"5\" role=\"tab\" aria-controls=\"elementor-tab-content-6965\" aria-expanded=\"false\">\n\t\t\t\t\t\t\t\t\t\t\t\t<a href=\"\" class=\"elementor-toggle-title\">Preu\u00dfenallee 2020<\/a>\n\t\t\t\t\t<\/div>\n\t\t\t\t\t<div id=\"elementor-tab-content-6965\" class=\"elementor-tab-content elementor-clearfix\" data-tab=\"5\" role=\"tabpanel\" aria-labelledby=\"elementor-tab-title-6965\"><p>Die Videos zur Veranstaltung auf Youtube:<iframe loading=\"lazy\" title=\"YouTube video player\" src=\"https:\/\/www.youtube.com\/embed\/OJYInQgnviI\" width=\"560\" height=\"315\" frameborder=\"0\" allowfullscreen=\"allowfullscreen\"><\/iframe><\/p><p><iframe loading=\"lazy\" title=\"YouTube video player\" src=\"https:\/\/www.youtube.com\/embed\/9DfLjeLzNOQ\" width=\"560\" height=\"315\" frameborder=\"0\" allowfullscreen=\"allowfullscreen\"><\/iframe><\/p><p><iframe loading=\"lazy\" title=\"YouTube video player\" src=\"https:\/\/www.youtube.com\/embed\/v2RmpNEYWtA\" width=\"560\" height=\"315\" frameborder=\"0\" allowfullscreen=\"allowfullscreen\"><\/iframe><\/p><p><iframe loading=\"lazy\" title=\"YouTube video player\" src=\"https:\/\/www.youtube.com\/embed\/ijVy8Lb8M28\" width=\"560\" height=\"315\" frameborder=\"0\" allowfullscreen=\"allowfullscreen\"><\/iframe><\/p><p><iframe loading=\"lazy\" title=\"YouTube video player\" src=\"https:\/\/www.youtube.com\/embed\/RXiBPsu1u_8\" width=\"560\" height=\"315\" frameborder=\"0\" allowfullscreen=\"allowfullscreen\"><\/iframe><\/p><p><iframe loading=\"lazy\" title=\"YouTube video player\" src=\"https:\/\/www.youtube.com\/embed\/qM8prNPTUJI\" width=\"560\" height=\"315\" frameborder=\"0\" allowfullscreen=\"allowfullscreen\"><\/iframe><\/p><p><iframe loading=\"lazy\" title=\"YouTube video player\" src=\"https:\/\/www.youtube.com\/embed\/D5iTNXwtA-0\" width=\"560\" height=\"315\" frameborder=\"0\" allowfullscreen=\"allowfullscreen\"><\/iframe><\/p><p>Links zu YouTube, falls die Videos oben nicht angezeigt werden:<\/p><p><a href=\"https:\/\/www.youtube.com\/watch?v=OJYInQgnviI\" target=\"_blank\" rel=\"noopener\">Preussenallee 2020 &#8211; Teil 1<\/a><br \/><a href=\"https:\/\/www.youtube.com\/watch?v=9DfLjeLzNOQ\" target=\"_blank\" rel=\"noopener\">Preussenallee 2020 &#8211; Teil 2<\/a><br \/><a href=\"https:\/\/www.youtube.com\/watch?v=v2RmpNEYWtA\" target=\"_blank\" rel=\"noopener\">Preussenallee 2020 &#8211; Teil 3<\/a><br \/><a href=\"https:\/\/www.youtube.com\/watch?v=ijVy8Lb8M28\" target=\"_blank\" rel=\"noopener\">Preussenallee 2020 &#8211; Teil 4<\/a><br \/><a href=\"https:\/\/www.youtube.com\/watch?v=RXiBPsu1u_8\" target=\"_blank\" rel=\"noopener\">Preussenallee 2020 &#8211; Teil 5<\/a><br \/><a href=\"https:\/\/www.youtube.com\/watch?v=qM8prNPTUJI\" target=\"_blank\" rel=\"noopener\">Preussenallee 2020 &#8211; Teil 6<\/a><br \/><a href=\"https:\/\/www.youtube.com\/watch?v=D5iTNXwtA-0\" target=\"_blank\" rel=\"noopener\">Preussenallee 2020 &#8211; Teil 7<\/a><\/p><\/div>\n\t\t\t\t<\/div>\n\t\t\t\t\t\t\t<div class=\"elementor-toggle-item\">\n\t\t\t\t\t<div id=\"elementor-tab-title-6966\" class=\"elementor-tab-title\" data-tab=\"6\" role=\"tab\" aria-controls=\"elementor-tab-content-6966\" aria-expanded=\"false\">\n\t\t\t\t\t\t\t\t\t\t\t\t<a href=\"\" class=\"elementor-toggle-title\">Mariendorf Bl\u00fcmelteich<\/a>\n\t\t\t\t\t<\/div>\n\t\t\t\t\t<div id=\"elementor-tab-content-6966\" class=\"elementor-tab-content elementor-clearfix\" data-tab=\"6\" role=\"tabpanel\" aria-labelledby=\"elementor-tab-title-6966\"><p>Die Videos zur Veranstaltung auf Youtube:<iframe loading=\"lazy\" title=\"YouTube video player\" src=\"https:\/\/youtu.be\/TbFSjtNfavU\" width=\"560\" height=\"315\" frameborder=\"0\" allowfullscreen=\"allowfullscreen\"><\/iframe><\/p><p>Links zu YouTube, falls die Videos oben nicht angezeigt werden:<\/p><p><a href=\"https:\/\/youtu.be\/TbFSjtNfavU\" target=\"_blank\" rel=\"noopener\">Mariendorf Bl\u00fcmelteich<\/a><\/p><\/div>\n\t\t\t\t<\/div>\n\t\t\t\t\t\t\t<div class=\"elementor-toggle-item\">\n\t\t\t\t\t<div id=\"elementor-tab-title-6967\" class=\"elementor-tab-title\" data-tab=\"7\" role=\"tab\" aria-controls=\"elementor-tab-content-6967\" aria-expanded=\"false\">\n\t\t\t\t\t\t\t\t\t\t\t\t<a href=\"\" class=\"elementor-toggle-title\">Hafenfest Stralsund 2022<\/a>\n\t\t\t\t\t<\/div>\n\t\t\t\t\t<div id=\"elementor-tab-content-6967\" class=\"elementor-tab-content elementor-clearfix\" data-tab=\"7\" role=\"tabpanel\" aria-labelledby=\"elementor-tab-title-6967\"><p>In diesem Jahr fanden die Stralsunder Hafentage nicht im Hafen statt, da dort wohl noch einige Zeit gebaut wird sondern an der Sundpromenade, es gab keinen Rummel und die Atmosph\u00e4re war sehr entspannend. Wir haben f\u00fcr unser Veranstaltungen an der Ostsee extra ein neues Becken angeschaft mit den Ma\u00dfen 3,6m auf 7,2m und max 20 cm Wasserh\u00f6he, das Becken wird auf R\u00fcgen bei einem Modellbaukollegen in der Garage verwahrt. In den 4 Tagen sind rund 700 Kinder (auch gro\u00dfe) mit unseren Kinderfahrbooten unterwegs gewesen.<\/p><p>Teil 1: <a href=\"https:\/\/www.youtube.com\/watch?v=JwVfGiPntFU\">https:\/\/www.youtube.com\/watch?v=JwVfGiPntFU<\/a><\/p><p>Teil 2: <a href=\"https:\/\/www.youtube.com\/watch?v=lDxp_TBwlgc\">https:\/\/www.youtube.com\/watch?v=lDxp_TBwlgc<\/a><\/p><p>Teil 3: <a href=\"https:\/\/www.youtube.com\/watch?v=8ZoAbZxJw20\">https:\/\/www.youtube.com\/watch?v=8ZoAbZxJw20<\/a><\/p><p>Teil 4: <a href=\"https:\/\/www.youtube.com\/watch?v=F-zuiODOjs4\">https:\/\/www.youtube.com\/watch?v=F-zuiODOjs4<\/a><\/p><p>Teil 5: <a href=\"https:\/\/www.youtube.com\/watch?v=Ns4ucEDbIII\">https:\/\/www.youtube.com\/watch?v=Ns4ucEDbIII<\/a><\/p><p>Teil 6: <a href=\"https:\/\/www.youtube.com\/watch?v=ScaikVI5rP8\">https:\/\/www.youtube.com\/watch?v=ScaikVI5rP8<\/a><\/p><\/div>\n\t\t\t\t<\/div>\n\t\t\t\t\t<\/div>\n\t\t\t\t<\/div>\n\t\t\t\t<\/div>\n\t\t\t\t\t\t<\/div>\n\t\t\t\t\t<\/div>\n\t\t<\/div>\n\t\t\t\t\t\t\t\t<\/div>\n\t\t\t\t\t<\/div>\n\t\t<\/section>\n\t\t\t\t\t\t<\/div>\n\t\t\t\t\t\t<\/div>\n\t\t\t\t\t<\/div>\n\t\t","protected":false},"excerpt":{"rendered":"<p>Veranstaltungsvideo https:\/\/ig-schiffsmodellbau-berlin-mahlow.de\/wp-content\/uploads\/2020\/04\/VIDEO0023d.mp4 Friedrichroda 2019 Mercedes 2011 Seit einigen Jahren findet man uns ein bis zweimal im Jahr in der Mercedeswelt am Salzufer. Im Haus gibt es einige Wasserfl\u00e4chen und auf einer dieser Fl\u00e4chen wird der Hafen aufgebaut und Kinderbootfahren angeboten. ZIBB -Ankogelbad &#8211; 2011 Ein Beitrag von ZIBB aus dem Ankogelbad von 2011: https:\/\/ig-schiffsmodellbau-berlin-mahlow.de\/wp-content\/uploads\/2020\/06\/Ankogelbad%207.10.11_5.mp4 Preu\u00dfenallee [&hellip;]<\/p>\n","protected":false},"author":2,"featured_media":0,"parent":0,"menu_order":0,"comment_status":"closed","ping_status":"closed","template":"","meta":{"gt_page_layout":"","gt_hide_page_title":false,"gt_remove_bottom_margin":false,"footnotes":""},"class_list":["post-24","page","type-page","status-publish","hentry"],"_links":{"self":[{"href":"https:\/\/ig-schiffsmodellbau-berlin-mahlow.de\/index.php?rest_route=\/wp\/v2\/pages\/24","targetHints":{"allow":["GET"]}}],"collection":[{"href":"https:\/\/ig-schiffsmodellbau-berlin-mahlow.de\/index.php?rest_route=\/wp\/v2\/pages"}],"about":[{"href":"https:\/\/ig-schiffsmodellbau-berlin-mahlow.de\/index.php?rest_route=\/wp\/v2\/types\/page"}],"author":[{"embeddable":true,"href":"https:\/\/ig-schiffsmodellbau-berlin-mahlow.de\/index.php?rest_route=\/wp\/v2\/users\/2"}],"replies":[{"embeddable":true,"href":"https:\/\/ig-schiffsmodellbau-berlin-mahlow.de\/index.php?rest_route=%2Fwp%2Fv2%2Fcomments&post=24"}],"version-history":[{"count":116,"href":"https:\/\/ig-schiffsmodellbau-berlin-mahlow.de\/index.php?rest_route=\/wp\/v2\/pages\/24\/revisions"}],"predecessor-version":[{"id":688,"href":"https:\/\/ig-schiffsmodellbau-berlin-mahlow.de\/index.php?rest_route=\/wp\/v2\/pages\/24\/revisions\/688"}],"wp:attachment":[{"href":"https:\/\/ig-schiffsmodellbau-berlin-mahlow.de\/index.php?rest_route=%2Fwp%2Fv2%2Fmedia&parent=24"}],"curies":[{"name":"wp","href":"https:\/\/api.w.org\/{rel}","templated":true}]}}