{"id":25,"date":"2020-04-27T12:02:10","date_gmt":"2020-04-27T12:02:10","guid":{"rendered":"https:\/\/ig-schiffsmodellbau-berlin-mahlow.de\/wordpress\/?page_id=25"},"modified":"2026-01-30T13:02:15","modified_gmt":"2026-01-30T11:02:15","slug":"termine-news","status":"publish","type":"page","link":"https:\/\/ig-schiffsmodellbau-berlin-mahlow.de\/?page_id=25","title":{"rendered":"Termine\/News"},"content":{"rendered":"\t\t<div data-elementor-type=\"wp-page\" data-elementor-id=\"25\" class=\"elementor elementor-25\" data-elementor-settings=\"[]\">\n\t\t\t\t\t\t<div class=\"elementor-inner\">\n\t\t\t\t\t\t\t<div class=\"elementor-section-wrap\">\n\t\t\t\t\t\t\t<section class=\"elementor-section elementor-top-section elementor-element elementor-element-d52d033 elementor-section-boxed elementor-section-height-default elementor-section-height-default\" data-id=\"d52d033\" data-element_type=\"section\">\n\t\t\t\t\t\t<div class=\"elementor-container elementor-column-gap-default\">\n\t\t\t\t\t\t\t<div class=\"elementor-row\">\n\t\t\t\t\t<div class=\"elementor-column elementor-col-33 elementor-top-column elementor-element elementor-element-affa5ac\" data-id=\"affa5ac\" data-element_type=\"column\">\n\t\t\t<div class=\"elementor-column-wrap elementor-element-populated\">\n\t\t\t\t\t\t\t<div class=\"elementor-widget-wrap\">\n\t\t\t\t\t\t<div class=\"elementor-element elementor-element-083ee1d elementor-widget elementor-widget-text-editor\" data-id=\"083ee1d\" data-element_type=\"widget\" data-widget_type=\"text-editor.default\">\n\t\t\t\t<div class=\"elementor-widget-container\">\n\t\t\t\t\t<div class=\"elementor-text-editor elementor-clearfix\"><p>10.05.2020<\/p><\/div>\n\t\t\t\t<\/div>\n\t\t\t\t<\/div>\n\t\t\t\t\t\t<\/div>\n\t\t\t\t\t<\/div>\n\t\t<\/div>\n\t\t\t\t<div class=\"elementor-column elementor-col-33 elementor-top-column elementor-element elementor-element-5e122a9\" data-id=\"5e122a9\" data-element_type=\"column\">\n\t\t\t<div class=\"elementor-column-wrap elementor-element-populated\">\n\t\t\t\t\t\t\t<div class=\"elementor-widget-wrap\">\n\t\t\t\t\t\t<div class=\"elementor-element elementor-element-f265a94 elementor-widget elementor-widget-text-editor\" data-id=\"f265a94\" data-element_type=\"widget\" data-widget_type=\"text-editor.default\">\n\t\t\t\t<div class=\"elementor-widget-container\">\n\t\t\t\t\t<div class=\"elementor-text-editor elementor-clearfix\"><p>Internet<\/p><\/div>\n\t\t\t\t<\/div>\n\t\t\t\t<\/div>\n\t\t\t\t\t\t<\/div>\n\t\t\t\t\t<\/div>\n\t\t<\/div>\n\t\t\t\t<div class=\"elementor-column elementor-col-33 elementor-top-column elementor-element elementor-element-bfac158\" data-id=\"bfac158\" data-element_type=\"column\">\n\t\t\t<div class=\"elementor-column-wrap elementor-element-populated\">\n\t\t\t\t\t\t\t<div class=\"elementor-widget-wrap\">\n\t\t\t\t\t\t<div class=\"elementor-element elementor-element-76ca451 elementor-widget elementor-widget-text-editor\" data-id=\"76ca451\" data-element_type=\"widget\" data-widget_type=\"text-editor.default\">\n\t\t\t\t<div class=\"elementor-widget-container\">\n\t\t\t\t\t<div class=\"elementor-text-editor elementor-clearfix\"><p>Neue Homepage<\/p><\/div>\n\t\t\t\t<\/div>\n\t\t\t\t<\/div>\n\t\t\t\t\t\t<\/div>\n\t\t\t\t\t<\/div>\n\t\t<\/div>\n\t\t\t\t\t\t\t\t<\/div>\n\t\t\t\t\t<\/div>\n\t\t<\/section>\n\t\t\t\t<section class=\"elementor-section elementor-top-section elementor-element elementor-element-ed48fba elementor-section-boxed elementor-section-height-default elementor-section-height-default\" data-id=\"ed48fba\" data-element_type=\"section\">\n\t\t\t\t\t\t<div class=\"elementor-container elementor-column-gap-default\">\n\t\t\t\t\t\t\t<div class=\"elementor-row\">\n\t\t\t\t\t<div class=\"elementor-column elementor-col-33 elementor-top-column elementor-element elementor-element-d9fca2d\" data-id=\"d9fca2d\" data-element_type=\"column\">\n\t\t\t<div class=\"elementor-column-wrap elementor-element-populated\">\n\t\t\t\t\t\t\t<div class=\"elementor-widget-wrap\">\n\t\t\t\t\t\t<div class=\"elementor-element elementor-element-aa3fed3 elementor-widget elementor-widget-text-editor\" data-id=\"aa3fed3\" data-element_type=\"widget\" data-widget_type=\"text-editor.default\">\n\t\t\t\t<div class=\"elementor-widget-container\">\n\t\t\t\t\t<div class=\"elementor-text-editor elementor-clearfix\"><p>14.02.-15.02.2026<\/p><\/div>\n\t\t\t\t<\/div>\n\t\t\t\t<\/div>\n\t\t\t\t<div class=\"elementor-element elementor-element-d471cc5 elementor-widget elementor-widget-text-editor\" data-id=\"d471cc5\" data-element_type=\"widget\" data-widget_type=\"text-editor.default\">\n\t\t\t\t<div class=\"elementor-widget-container\">\n\t\t\t\t\t<div class=\"elementor-text-editor elementor-clearfix\"><p>25.04.-26.04.2026<\/p><p>01.05.-03.05.2026<\/p><p>08.05.-10.05.2026<\/p><p>15.05.-17.05.2026<\/p><p>23.05.-25.05.2026<\/p><\/div>\n\t\t\t\t<\/div>\n\t\t\t\t<\/div>\n\t\t\t\t<div class=\"elementor-element elementor-element-fb6c051 elementor-widget elementor-widget-text-editor\" data-id=\"fb6c051\" data-element_type=\"widget\" data-widget_type=\"text-editor.default\">\n\t\t\t\t<div class=\"elementor-widget-container\">\n\t\t\t\t\t<div class=\"elementor-text-editor elementor-clearfix\"><p>04.06.-07.06.2026<\/p><p>04.07.-12.07.2026<\/p><p>16.07.-19.07.2026<\/p><p>24.07.-26.07.2026<\/p><p>30.07.-02.08.2026<\/p><p>06.08.-09.08.2026<\/p><p>14.08-16.08.2026<\/p><p>20.08.-23.08.2026<\/p><p>05.09.-06.09.2026<\/p><p>11.09.-13.09.2026<\/p><\/div>\n\t\t\t\t<\/div>\n\t\t\t\t<\/div>\n\t\t\t\t\t\t<\/div>\n\t\t\t\t\t<\/div>\n\t\t<\/div>\n\t\t\t\t<div class=\"elementor-column elementor-col-33 elementor-top-column elementor-element elementor-element-f52fe50\" data-id=\"f52fe50\" data-element_type=\"column\">\n\t\t\t<div class=\"elementor-column-wrap elementor-element-populated\">\n\t\t\t\t\t\t\t<div class=\"elementor-widget-wrap\">\n\t\t\t\t\t\t<div class=\"elementor-element elementor-element-f960874 elementor-widget elementor-widget-text-editor\" data-id=\"f960874\" data-element_type=\"widget\" data-widget_type=\"text-editor.default\">\n\t\t\t\t<div class=\"elementor-widget-container\">\n\t\t\t\t\t<div class=\"elementor-text-editor elementor-clearfix\"><p>Paaren im Glien<\/p><\/div>\n\t\t\t\t<\/div>\n\t\t\t\t<\/div>\n\t\t\t\t<div class=\"elementor-element elementor-element-dc664ab elementor-widget elementor-widget-text-editor\" data-id=\"dc664ab\" data-element_type=\"widget\" data-widget_type=\"text-editor.default\">\n\t\t\t\t<div class=\"elementor-widget-container\">\n\t\t\t\t\t<div class=\"elementor-text-editor elementor-clearfix\"><p>Neustadt\/Aisch<\/p><p>Lichtenrade<\/p><p>Ludwig-Beck-Platz<\/p><p>Waren an der M\u00fcritz<\/p><p>Preu\u00dfenallee<\/p><p>Stralsund<\/p><p>Warnem\u00fcnde<\/p><p>Tegel<\/p><p>Treptower Park<\/p><p>Barth<\/p><p>Rostock\/Hansesail<\/p><p>Ribnitz-Dammgarten<\/p><p>Wismar<\/p><p>Flughafen Gatow<\/p><p>Lichtenrade<\/p><\/div>\n\t\t\t\t<\/div>\n\t\t\t\t<\/div>\n\t\t\t\t\t\t<\/div>\n\t\t\t\t\t<\/div>\n\t\t<\/div>\n\t\t\t\t<div class=\"elementor-column elementor-col-33 elementor-top-column elementor-element elementor-element-bfe9116\" data-id=\"bfe9116\" data-element_type=\"column\">\n\t\t\t<div class=\"elementor-column-wrap elementor-element-populated\">\n\t\t\t\t\t\t\t<div class=\"elementor-widget-wrap\">\n\t\t\t\t\t\t<div class=\"elementor-element elementor-element-1a66d2b elementor-widget elementor-widget-text-editor\" data-id=\"1a66d2b\" data-element_type=\"widget\" data-widget_type=\"text-editor.default\">\n\t\t\t\t<div class=\"elementor-widget-container\">\n\t\t\t\t\t<div class=\"elementor-text-editor elementor-clearfix\"><p>Treffpunkt Modellbau<\/p><\/div>\n\t\t\t\t<\/div>\n\t\t\t\t<\/div>\n\t\t\t\t<div class=\"elementor-element elementor-element-2bf4adb elementor-widget elementor-widget-text-editor\" data-id=\"2bf4adb\" data-element_type=\"widget\" data-widget_type=\"text-editor.default\">\n\t\t\t\t<div class=\"elementor-widget-container\">\n\t\t\t\t\t<div class=\"elementor-text-editor elementor-clearfix\"><p>Schaufahren<\/p><p>Modellbootfahren f\u00fcr Kinder<\/p><p>Modellbootfahren f\u00fcr kinder<\/p><\/div>\n\t\t\t\t<\/div>\n\t\t\t\t<\/div>\n\t\t\t\t<div class=\"elementor-element elementor-element-f5ea4cd elementor-widget elementor-widget-text-editor\" data-id=\"f5ea4cd\" data-element_type=\"widget\" data-widget_type=\"text-editor.default\">\n\t\t\t\t<div class=\"elementor-widget-container\">\n\t\t\t\t\t<div class=\"elementor-text-editor elementor-clearfix\"><p>Hafenfest\/Modellbootfahren f\u00fcr Kinder<\/p>\n<p>Modellbootfahren f\u00fcr Kinder<\/p>\n<p>Hafenfest\/Modellbootfahren f\u00fcr Kinder<\/p>\n<p>Segler Woche\/Modellbootfahren f\u00fcr Kinder<\/p>\n<p>Hafenfest\/Modellbootfahren f\u00fcr Kinder<\/p><p>Hafenfest\/Modellbootfahren f\u00fcr Kinder<\/p><p>Hafenfest\/Modellbootfahren f\u00fcr Kinder<\/p>\n<p>Hafenfest\/Modellbootfahren f\u00fcr Kinder<\/p>\n<p>Hafenfest\/Modellbootfahren f\u00fcr Kinder<\/p>\n<p>Schwedenfest\/Modellbootfahren f\u00fcr Kinder<\/p>\n<p>Flughafenfest\/Modellbootfahren f\u00fcr Kinder<\/p>\n<p>Modellbootfahren f\u00fcr Kinder<\/p><\/div>\n\t\t\t\t<\/div>\n\t\t\t\t<\/div>\n\t\t\t\t\t\t<\/div>\n\t\t\t\t\t<\/div>\n\t\t<\/div>\n\t\t\t\t\t\t\t\t<\/div>\n\t\t\t\t\t<\/div>\n\t\t<\/section>\n\t\t\t\t<section class=\"elementor-section elementor-top-section elementor-element elementor-element-f27cf4d elementor-section-boxed elementor-section-height-default elementor-section-height-default\" data-id=\"f27cf4d\" data-element_type=\"section\">\n\t\t\t\t\t\t<div class=\"elementor-container elementor-column-gap-default\">\n\t\t\t\t\t\t\t<div class=\"elementor-row\">\n\t\t\t\t\t<div class=\"elementor-column elementor-col-33 elementor-top-column elementor-element elementor-element-e27e271\" data-id=\"e27e271\" data-element_type=\"column\">\n\t\t\t<div class=\"elementor-column-wrap\">\n\t\t\t\t\t\t\t<div class=\"elementor-widget-wrap\">\n\t\t\t\t\t\t\t\t<\/div>\n\t\t\t\t\t<\/div>\n\t\t<\/div>\n\t\t\t\t<div class=\"elementor-column elementor-col-33 elementor-top-column elementor-element elementor-element-847d800\" data-id=\"847d800\" data-element_type=\"column\">\n\t\t\t<div class=\"elementor-column-wrap\">\n\t\t\t\t\t\t\t<div class=\"elementor-widget-wrap\">\n\t\t\t\t\t\t\t\t<\/div>\n\t\t\t\t\t<\/div>\n\t\t<\/div>\n\t\t\t\t<div class=\"elementor-column elementor-col-33 elementor-top-column elementor-element elementor-element-1106478\" data-id=\"1106478\" data-element_type=\"column\">\n\t\t\t<div class=\"elementor-column-wrap\">\n\t\t\t\t\t\t\t<div class=\"elementor-widget-wrap\">\n\t\t\t\t\t\t\t\t<\/div>\n\t\t\t\t\t<\/div>\n\t\t<\/div>\n\t\t\t\t\t\t\t\t<\/div>\n\t\t\t\t\t<\/div>\n\t\t<\/section>\n\t\t\t\t\t\t<\/div>\n\t\t\t\t\t\t<\/div>\n\t\t\t\t\t<\/div>\n\t\t","protected":false},"excerpt":{"rendered":"<p>10.05.2020 Internet Neue Homepage 14.02.-15.02.2026 25.04.-26.04.2026 01.05.-03.05.2026 08.05.-10.05.2026 15.05.-17.05.2026 23.05.-25.05.2026 04.06.-07.06.2026 04.07.-12.07.2026 16.07.-19.07.2026 24.07.-26.07.2026 30.07.-02.08.2026 06.08.-09.08.2026 14.08-16.08.2026 20.08.-23.08.2026 05.09.-06.09.2026 11.09.-13.09.2026 Paaren im Glien Neustadt\/Aisch Lichtenrade Ludwig-Beck-Platz Waren an der M\u00fcritz Preu\u00dfenallee Stralsund Warnem\u00fcnde Tegel Treptower Park Barth Rostock\/Hansesail Ribnitz-Dammgarten Wismar Flughafen Gatow Lichtenrade Treffpunkt Modellbau Schaufahren Modellbootfahren f\u00fcr Kinder Modellbootfahren f\u00fcr kinder Hafenfest\/Modellbootfahren f\u00fcr Kinder [&hellip;]<\/p>\n","protected":false},"author":2,"featured_media":0,"parent":0,"menu_order":0,"comment_status":"closed","ping_status":"closed","template":"","meta":{"gt_page_layout":"","gt_hide_page_title":false,"gt_remove_bottom_margin":false,"footnotes":""},"class_list":["post-25","page","type-page","status-publish","hentry"],"_links":{"self":[{"href":"https:\/\/ig-schiffsmodellbau-berlin-mahlow.de\/index.php?rest_route=\/wp\/v2\/pages\/25","targetHints":{"allow":["GET"]}}],"collection":[{"href":"https:\/\/ig-schiffsmodellbau-berlin-mahlow.de\/index.php?rest_route=\/wp\/v2\/pages"}],"about":[{"href":"https:\/\/ig-schiffsmodellbau-berlin-mahlow.de\/index.php?rest_route=\/wp\/v2\/types\/page"}],"author":[{"embeddable":true,"href":"https:\/\/ig-schiffsmodellbau-berlin-mahlow.de\/index.php?rest_route=\/wp\/v2\/users\/2"}],"replies":[{"embeddable":true,"href":"https:\/\/ig-schiffsmodellbau-berlin-mahlow.de\/index.php?rest_route=%2Fwp%2Fv2%2Fcomments&post=25"}],"version-history":[{"count":168,"href":"https:\/\/ig-schiffsmodellbau-berlin-mahlow.de\/index.php?rest_route=\/wp\/v2\/pages\/25\/revisions"}],"predecessor-version":[{"id":1123,"href":"https:\/\/ig-schiffsmodellbau-berlin-mahlow.de\/index.php?rest_route=\/wp\/v2\/pages\/25\/revisions\/1123"}],"wp:attachment":[{"href":"https:\/\/ig-schiffsmodellbau-berlin-mahlow.de\/index.php?rest_route=%2Fwp%2Fv2%2Fmedia&parent=25"}],"curies":[{"name":"wp","href":"https:\/\/api.w.org\/{rel}","templated":true}]}}