{"id":415,"date":"2020-05-09T10:39:01","date_gmt":"2020-05-09T08:39:01","guid":{"rendered":"https:\/\/ig-schiffsmodellbau-berlin-mahlow.de\/?page_id=415"},"modified":"2023-01-13T12:29:41","modified_gmt":"2023-01-13T10:29:41","slug":"sonstige-fahrzeuge","status":"publish","type":"page","link":"https:\/\/ig-schiffsmodellbau-berlin-mahlow.de\/?page_id=415","title":{"rendered":"sonstige Fahrzeuge"},"content":{"rendered":"\t\t<div data-elementor-type=\"wp-page\" data-elementor-id=\"415\" class=\"elementor elementor-415\" data-elementor-settings=\"[]\">\n\t\t\t\t\t\t<div class=\"elementor-inner\">\n\t\t\t\t\t\t\t<div class=\"elementor-section-wrap\">\n\t\t\t\t\t\t\t<section class=\"elementor-section elementor-top-section elementor-element elementor-element-ad324fb elementor-section-boxed elementor-section-height-default elementor-section-height-default\" data-id=\"ad324fb\" data-element_type=\"section\">\n\t\t\t\t\t\t<div class=\"elementor-container elementor-column-gap-default\">\n\t\t\t\t\t\t\t<div class=\"elementor-row\">\n\t\t\t\t\t<div class=\"elementor-column elementor-col-25 elementor-top-column elementor-element elementor-element-16727c7\" data-id=\"16727c7\" data-element_type=\"column\">\n\t\t\t<div class=\"elementor-column-wrap elementor-element-populated\">\n\t\t\t\t\t\t\t<div class=\"elementor-widget-wrap\">\n\t\t\t\t\t\t<div class=\"elementor-element elementor-element-ecf82b4 elementor-widget elementor-widget-text-editor\" data-id=\"ecf82b4\" data-element_type=\"widget\" data-widget_type=\"text-editor.default\">\n\t\t\t\t<div class=\"elementor-widget-container\">\n\t\t\t\t\t<div class=\"elementor-text-editor elementor-clearfix\"><p><img loading=\"lazy\" decoding=\"async\" class=\"alignnone size-medium wp-image-803\" src=\"https:\/\/ig-schiffsmodellbau-berlin-mahlow.de\/wp-content\/uploads\/2023\/01\/Hal1-300x225.jpg\" alt=\"\" width=\"300\" height=\"225\" srcset=\"https:\/\/ig-schiffsmodellbau-berlin-mahlow.de\/wp-content\/uploads\/2023\/01\/Hal1-300x225.jpg 300w, https:\/\/ig-schiffsmodellbau-berlin-mahlow.de\/wp-content\/uploads\/2023\/01\/Hal1.jpg 393w\" sizes=\"auto, (max-width: 300px) 100vw, 300px\" \/><\/p><p>L\u00e4nge : 35 cm<\/p><p>Breite : 12 cm<\/p><p>Verdr\u00e4ngung: 0.6 Kg<\/p><p>Ma\u00dfstab: 1:15<\/p><p>\u00a0<\/p><p>Sonderfunktionen:\u00a0 Figur bewegt sich bei Ruderausschlag, Navigationslicht,\u00a0 Dampfgenerator<\/p><p><img loading=\"lazy\" decoding=\"async\" class=\"alignnone size-medium wp-image-806\" src=\"https:\/\/ig-schiffsmodellbau-berlin-mahlow.de\/wp-content\/uploads\/2023\/01\/halb4-300x225.jpg\" alt=\"\" width=\"300\" height=\"225\" srcset=\"https:\/\/ig-schiffsmodellbau-berlin-mahlow.de\/wp-content\/uploads\/2023\/01\/halb4-300x225.jpg 300w, https:\/\/ig-schiffsmodellbau-berlin-mahlow.de\/wp-content\/uploads\/2023\/01\/halb4.jpg 395w\" sizes=\"auto, (max-width: 300px) 100vw, 300px\" \/> <img loading=\"lazy\" decoding=\"async\" class=\"alignnone size-medium wp-image-805\" src=\"https:\/\/ig-schiffsmodellbau-berlin-mahlow.de\/wp-content\/uploads\/2023\/01\/halb3-300x225.jpg\" alt=\"\" width=\"300\" height=\"225\" srcset=\"https:\/\/ig-schiffsmodellbau-berlin-mahlow.de\/wp-content\/uploads\/2023\/01\/halb3-300x225.jpg 300w, https:\/\/ig-schiffsmodellbau-berlin-mahlow.de\/wp-content\/uploads\/2023\/01\/halb3.jpg 394w\" sizes=\"auto, (max-width: 300px) 100vw, 300px\" \/> <img loading=\"lazy\" decoding=\"async\" class=\"alignnone size-medium wp-image-804\" src=\"https:\/\/ig-schiffsmodellbau-berlin-mahlow.de\/wp-content\/uploads\/2023\/01\/halb2-300x225.jpg\" alt=\"\" width=\"300\" height=\"225\" srcset=\"https:\/\/ig-schiffsmodellbau-berlin-mahlow.de\/wp-content\/uploads\/2023\/01\/halb2-300x225.jpg 300w, https:\/\/ig-schiffsmodellbau-berlin-mahlow.de\/wp-content\/uploads\/2023\/01\/halb2.jpg 393w\" sizes=\"auto, (max-width: 300px) 100vw, 300px\" \/><\/p><\/div>\n\t\t\t\t<\/div>\n\t\t\t\t<\/div>\n\t\t\t\t\t\t<\/div>\n\t\t\t\t\t<\/div>\n\t\t<\/div>\n\t\t\t\t<div class=\"elementor-column elementor-col-25 elementor-top-column elementor-element elementor-element-95d0fc9\" data-id=\"95d0fc9\" data-element_type=\"column\">\n\t\t\t<div class=\"elementor-column-wrap\">\n\t\t\t\t\t\t\t<div class=\"elementor-widget-wrap\">\n\t\t\t\t\t\t\t\t<\/div>\n\t\t\t\t\t<\/div>\n\t\t<\/div>\n\t\t\t\t<div class=\"elementor-column elementor-col-25 elementor-top-column elementor-element elementor-element-4d1dd51\" data-id=\"4d1dd51\" data-element_type=\"column\">\n\t\t\t<div class=\"elementor-column-wrap\">\n\t\t\t\t\t\t\t<div class=\"elementor-widget-wrap\">\n\t\t\t\t\t\t\t\t<\/div>\n\t\t\t\t\t<\/div>\n\t\t<\/div>\n\t\t\t\t<div class=\"elementor-column elementor-col-25 elementor-top-column elementor-element elementor-element-e232928\" data-id=\"e232928\" data-element_type=\"column\">\n\t\t\t<div class=\"elementor-column-wrap\">\n\t\t\t\t\t\t\t<div class=\"elementor-widget-wrap\">\n\t\t\t\t\t\t\t\t<\/div>\n\t\t\t\t\t<\/div>\n\t\t<\/div>\n\t\t\t\t\t\t\t\t<\/div>\n\t\t\t\t\t<\/div>\n\t\t<\/section>\n\t\t\t\t\t\t<\/div>\n\t\t\t\t\t\t<\/div>\n\t\t\t\t\t<\/div>\n\t\t","protected":false},"excerpt":{"rendered":"<p>L\u00e4nge : 35 cm Breite : 12 cm Verdr\u00e4ngung: 0.6 Kg Ma\u00dfstab: 1:15 \u00a0 Sonderfunktionen:\u00a0 Figur bewegt sich bei Ruderausschlag, Navigationslicht,\u00a0 Dampfgenerator<\/p>\n","protected":false},"author":1,"featured_media":0,"parent":0,"menu_order":0,"comment_status":"closed","ping_status":"closed","template":"","meta":{"gt_page_layout":"","gt_hide_page_title":false,"gt_remove_bottom_margin":false,"footnotes":""},"class_list":["post-415","page","type-page","status-publish","hentry"],"_links":{"self":[{"href":"https:\/\/ig-schiffsmodellbau-berlin-mahlow.de\/index.php?rest_route=\/wp\/v2\/pages\/415","targetHints":{"allow":["GET"]}}],"collection":[{"href":"https:\/\/ig-schiffsmodellbau-berlin-mahlow.de\/index.php?rest_route=\/wp\/v2\/pages"}],"about":[{"href":"https:\/\/ig-schiffsmodellbau-berlin-mahlow.de\/index.php?rest_route=\/wp\/v2\/types\/page"}],"author":[{"embeddable":true,"href":"https:\/\/ig-schiffsmodellbau-berlin-mahlow.de\/index.php?rest_route=\/wp\/v2\/users\/1"}],"replies":[{"embeddable":true,"href":"https:\/\/ig-schiffsmodellbau-berlin-mahlow.de\/index.php?rest_route=%2Fwp%2Fv2%2Fcomments&post=415"}],"version-history":[{"count":8,"href":"https:\/\/ig-schiffsmodellbau-berlin-mahlow.de\/index.php?rest_route=\/wp\/v2\/pages\/415\/revisions"}],"predecessor-version":[{"id":812,"href":"https:\/\/ig-schiffsmodellbau-berlin-mahlow.de\/index.php?rest_route=\/wp\/v2\/pages\/415\/revisions\/812"}],"wp:attachment":[{"href":"https:\/\/ig-schiffsmodellbau-berlin-mahlow.de\/index.php?rest_route=%2Fwp%2Fv2%2Fmedia&parent=415"}],"curies":[{"name":"wp","href":"https:\/\/api.w.org\/{rel}","templated":true}]}}