{"id":58,"date":"2020-04-27T12:20:34","date_gmt":"2020-04-27T12:20:34","guid":{"rendered":"https:\/\/ig-schiffsmodellbau-berlin-mahlow.de\/wordpress\/?page_id=58"},"modified":"2025-01-12T12:48:05","modified_gmt":"2025-01-12T10:48:05","slug":"kinderboote","status":"publish","type":"page","link":"https:\/\/ig-schiffsmodellbau-berlin-mahlow.de\/?page_id=58","title":{"rendered":"Kinderboote"},"content":{"rendered":"\t\t<div data-elementor-type=\"wp-page\" data-elementor-id=\"58\" class=\"elementor elementor-58\" data-elementor-settings=\"[]\">\n\t\t\t\t\t\t<div class=\"elementor-inner\">\n\t\t\t\t\t\t\t<div class=\"elementor-section-wrap\">\n\t\t\t\t\t\t\t<section class=\"elementor-section elementor-top-section elementor-element elementor-element-580ddb2 elementor-section-boxed elementor-section-height-default elementor-section-height-default\" data-id=\"580ddb2\" data-element_type=\"section\">\n\t\t\t\t\t\t<div class=\"elementor-container elementor-column-gap-default\">\n\t\t\t\t\t\t\t<div class=\"elementor-row\">\n\t\t\t\t\t<div class=\"elementor-column elementor-col-100 elementor-top-column elementor-element elementor-element-ef2a83d\" data-id=\"ef2a83d\" data-element_type=\"column\">\n\t\t\t<div class=\"elementor-column-wrap\">\n\t\t\t\t\t\t\t<div class=\"elementor-widget-wrap\">\n\t\t\t\t\t\t\t\t<\/div>\n\t\t\t\t\t<\/div>\n\t\t<\/div>\n\t\t\t\t\t\t\t\t<\/div>\n\t\t\t\t\t<\/div>\n\t\t<\/section>\n\t\t\t\t<section class=\"elementor-section elementor-top-section elementor-element elementor-element-c86ec24 elementor-section-boxed elementor-section-height-default elementor-section-height-default\" data-id=\"c86ec24\" data-element_type=\"section\">\n\t\t\t\t\t\t<div class=\"elementor-container elementor-column-gap-default\">\n\t\t\t\t\t\t\t<div class=\"elementor-row\">\n\t\t\t\t\t<div class=\"elementor-column elementor-col-100 elementor-top-column elementor-element elementor-element-7d172c7\" data-id=\"7d172c7\" data-element_type=\"column\">\n\t\t\t<div class=\"elementor-column-wrap elementor-element-populated\">\n\t\t\t\t\t\t\t<div class=\"elementor-widget-wrap\">\n\t\t\t\t\t\t<div class=\"elementor-element elementor-element-9b9d345 elementor-widget elementor-widget-text-editor\" data-id=\"9b9d345\" data-element_type=\"widget\" data-widget_type=\"text-editor.default\">\n\t\t\t\t<div class=\"elementor-widget-container\">\n\t\t\t\t\t<div class=\"elementor-text-editor elementor-clearfix\"><p><img loading=\"lazy\" decoding=\"async\" class=\"alignnone size-medium wp-image-591\" src=\"https:\/\/ig-schiffsmodellbau-berlin-mahlow.de\/wp-content\/uploads\/2021\/07\/Zoll1k-300x225.jpg\" alt=\"\" width=\"300\" height=\"225\" srcset=\"https:\/\/ig-schiffsmodellbau-berlin-mahlow.de\/wp-content\/uploads\/2021\/07\/Zoll1k-300x225.jpg 300w, https:\/\/ig-schiffsmodellbau-berlin-mahlow.de\/wp-content\/uploads\/2021\/07\/Zoll1k-1024x768.jpg 1024w, https:\/\/ig-schiffsmodellbau-berlin-mahlow.de\/wp-content\/uploads\/2021\/07\/Zoll1k-768x576.jpg 768w, https:\/\/ig-schiffsmodellbau-berlin-mahlow.de\/wp-content\/uploads\/2021\/07\/Zoll1k-1536x1152.jpg 1536w, https:\/\/ig-schiffsmodellbau-berlin-mahlow.de\/wp-content\/uploads\/2021\/07\/Zoll1k.jpg 1920w\" sizes=\"auto, (max-width: 300px) 100vw, 300px\" \/><img loading=\"lazy\" decoding=\"async\" class=\"alignnone size-medium wp-image-589\" src=\"https:\/\/ig-schiffsmodellbau-berlin-mahlow.de\/wp-content\/uploads\/2021\/07\/Feuerwehr1k-300x180.jpg\" alt=\"\" width=\"300\" height=\"180\" srcset=\"https:\/\/ig-schiffsmodellbau-berlin-mahlow.de\/wp-content\/uploads\/2021\/07\/Feuerwehr1k-300x180.jpg 300w, https:\/\/ig-schiffsmodellbau-berlin-mahlow.de\/wp-content\/uploads\/2021\/07\/Feuerwehr1k-1024x614.jpg 1024w, https:\/\/ig-schiffsmodellbau-berlin-mahlow.de\/wp-content\/uploads\/2021\/07\/Feuerwehr1k-768x461.jpg 768w, https:\/\/ig-schiffsmodellbau-berlin-mahlow.de\/wp-content\/uploads\/2021\/07\/Feuerwehr1k-1536x922.jpg 1536w, https:\/\/ig-schiffsmodellbau-berlin-mahlow.de\/wp-content\/uploads\/2021\/07\/Feuerwehr1k.jpg 1920w\" sizes=\"auto, (max-width: 300px) 100vw, 300px\" \/><img loading=\"lazy\" decoding=\"async\" class=\"alignnone size-medium wp-image-419\" src=\"https:\/\/ig-schiffsmodellbau-berlin-mahlow.de\/wp-content\/uploads\/2020\/05\/IMG_0030-1920-300x225.jpg\" alt=\"\" width=\"300\" height=\"225\" srcset=\"https:\/\/ig-schiffsmodellbau-berlin-mahlow.de\/wp-content\/uploads\/2020\/05\/IMG_0030-1920-300x225.jpg 300w, https:\/\/ig-schiffsmodellbau-berlin-mahlow.de\/wp-content\/uploads\/2020\/05\/IMG_0030-1920-1024x768.jpg 1024w, https:\/\/ig-schiffsmodellbau-berlin-mahlow.de\/wp-content\/uploads\/2020\/05\/IMG_0030-1920-768x576.jpg 768w, https:\/\/ig-schiffsmodellbau-berlin-mahlow.de\/wp-content\/uploads\/2020\/05\/IMG_0030-1920-1536x1152.jpg 1536w, https:\/\/ig-schiffsmodellbau-berlin-mahlow.de\/wp-content\/uploads\/2020\/05\/IMG_0030-1920.jpg 1920w\" sizes=\"auto, (max-width: 300px) 100vw, 300px\" \/><\/p>\n<p>Mit den Kinderfahrbooten wollen wir Kinder und Jugendlich f\u00fcr das Hobby interessieren. Auf Stra\u00dfen- und Hafenfesten, sowie Ausstellungen bieten wir dem Publikum an, die Modelle selbst zu steuern und dabei Erfahrungen zu sammeln.<\/p>\n<p>Wir sind seit mehreren Jahren Gast auf der Peu\u00dfenalle in Berlin-Charlottenburg&nbsp; <a href=\"https:\/\/www.family-and-friends-ev.de\/\">https:\/\/www.family-and-friends-ev.de\/<\/a>, auf dem Hafenfest&nbsp; in Stralsund und auf weiteren Veranstaltungen.<\/p>\n<p>&nbsp;Unsere Kinderfahrboote sind Modelle des Lotsen der Fa. Graupner aus den 90er Jahren und in 2021 neue Modelle von Aeronaut in gleicher Gr\u00f6\u00dfe. Die Lotsen werden jetzt nach und nach au\u00dfer Dienst gestellt, nach mehr als 25 Jahren sind die R\u00fcmpfe nicht mehr zu retten. Insgesamt haben wir 7 Boote, ausger\u00fcstet sind sie mit einer 2,4 Ghz Fernsteuerung und werden \u00fcber einen Brushlessmotor mit 720 Umdrehungen \/Volt angetrieben, zum Einsatz kommt ein LiFePo4-Akku mit 2 S 6,0AH. Als Schraube wird die kleinste lieferbare M4 Dreiblattschraube verwendet, somit erreichen wir Fahrzeiten von 5-6 Stunden ohne den Akku wechseln zu m\u00fcssen.<\/p>\n<p>Das Becken besteht aus einzelnen Segmenten und kann bis max. 7,5m x 3,5m aufgebaut werden. Die Wassertiefe wird im Schnitt auf 15 cm begrenzt. Die Folie ist eine normale Abdeckplane aus dem Bootszubeh\u00f6r eines Baumarktes.<\/p>\n<p><img loading=\"lazy\" decoding=\"async\" class=\"alignnone size-medium wp-image-420\" src=\"https:\/\/ig-schiffsmodellbau-berlin-mahlow.de\/wp-content\/uploads\/2020\/05\/IMG_0031-1920-300x225.jpg\" alt=\"\" width=\"300\" height=\"225\" srcset=\"https:\/\/ig-schiffsmodellbau-berlin-mahlow.de\/wp-content\/uploads\/2020\/05\/IMG_0031-1920-300x225.jpg 300w, https:\/\/ig-schiffsmodellbau-berlin-mahlow.de\/wp-content\/uploads\/2020\/05\/IMG_0031-1920-1024x768.jpg 1024w, https:\/\/ig-schiffsmodellbau-berlin-mahlow.de\/wp-content\/uploads\/2020\/05\/IMG_0031-1920-768x576.jpg 768w, https:\/\/ig-schiffsmodellbau-berlin-mahlow.de\/wp-content\/uploads\/2020\/05\/IMG_0031-1920-1536x1152.jpg 1536w, https:\/\/ig-schiffsmodellbau-berlin-mahlow.de\/wp-content\/uploads\/2020\/05\/IMG_0031-1920.jpg 1920w\" sizes=\"auto, (max-width: 300px) 100vw, 300px\" \/> &nbsp;<img loading=\"lazy\" decoding=\"async\" class=\"alignnone size-medium wp-image-421\" src=\"https:\/\/ig-schiffsmodellbau-berlin-mahlow.de\/wp-content\/uploads\/2020\/05\/IMG_0032-1920-300x225.jpg\" alt=\"\" width=\"300\" height=\"225\" srcset=\"https:\/\/ig-schiffsmodellbau-berlin-mahlow.de\/wp-content\/uploads\/2020\/05\/IMG_0032-1920-300x225.jpg 300w, https:\/\/ig-schiffsmodellbau-berlin-mahlow.de\/wp-content\/uploads\/2020\/05\/IMG_0032-1920-1024x768.jpg 1024w, https:\/\/ig-schiffsmodellbau-berlin-mahlow.de\/wp-content\/uploads\/2020\/05\/IMG_0032-1920-768x576.jpg 768w, https:\/\/ig-schiffsmodellbau-berlin-mahlow.de\/wp-content\/uploads\/2020\/05\/IMG_0032-1920-1536x1152.jpg 1536w, https:\/\/ig-schiffsmodellbau-berlin-mahlow.de\/wp-content\/uploads\/2020\/05\/IMG_0032-1920.jpg 1920w\" sizes=\"auto, (max-width: 300px) 100vw, 300px\" \/><\/p><\/div>\n\t\t\t\t<\/div>\n\t\t\t\t<\/div>\n\t\t\t\t\t\t<\/div>\n\t\t\t\t\t<\/div>\n\t\t<\/div>\n\t\t\t\t\t\t\t\t<\/div>\n\t\t\t\t\t<\/div>\n\t\t<\/section>\n\t\t\t\t\t\t<\/div>\n\t\t\t\t\t\t<\/div>\n\t\t\t\t\t<\/div>\n\t\t","protected":false},"excerpt":{"rendered":"<p>Mit den Kinderfahrbooten wollen wir Kinder und Jugendlich f\u00fcr das Hobby interessieren. Auf Stra\u00dfen- und Hafenfesten, sowie Ausstellungen bieten wir dem Publikum an, die Modelle selbst zu steuern und dabei Erfahrungen zu sammeln. Wir sind seit mehreren Jahren Gast auf der Peu\u00dfenalle in Berlin-Charlottenburg&nbsp; https:\/\/www.family-and-friends-ev.de\/, auf dem Hafenfest&nbsp; in Stralsund und auf weiteren Veranstaltungen. &nbsp;Unsere [&hellip;]<\/p>\n","protected":false},"author":2,"featured_media":0,"parent":0,"menu_order":0,"comment_status":"closed","ping_status":"closed","template":"","meta":{"gt_page_layout":"","gt_hide_page_title":false,"gt_remove_bottom_margin":false,"footnotes":""},"class_list":["post-58","page","type-page","status-publish","hentry"],"_links":{"self":[{"href":"https:\/\/ig-schiffsmodellbau-berlin-mahlow.de\/index.php?rest_route=\/wp\/v2\/pages\/58","targetHints":{"allow":["GET"]}}],"collection":[{"href":"https:\/\/ig-schiffsmodellbau-berlin-mahlow.de\/index.php?rest_route=\/wp\/v2\/pages"}],"about":[{"href":"https:\/\/ig-schiffsmodellbau-berlin-mahlow.de\/index.php?rest_route=\/wp\/v2\/types\/page"}],"author":[{"embeddable":true,"href":"https:\/\/ig-schiffsmodellbau-berlin-mahlow.de\/index.php?rest_route=\/wp\/v2\/users\/2"}],"replies":[{"embeddable":true,"href":"https:\/\/ig-schiffsmodellbau-berlin-mahlow.de\/index.php?rest_route=%2Fwp%2Fv2%2Fcomments&post=58"}],"version-history":[{"count":13,"href":"https:\/\/ig-schiffsmodellbau-berlin-mahlow.de\/index.php?rest_route=\/wp\/v2\/pages\/58\/revisions"}],"predecessor-version":[{"id":1096,"href":"https:\/\/ig-schiffsmodellbau-berlin-mahlow.de\/index.php?rest_route=\/wp\/v2\/pages\/58\/revisions\/1096"}],"wp:attachment":[{"href":"https:\/\/ig-schiffsmodellbau-berlin-mahlow.de\/index.php?rest_route=%2Fwp%2Fv2%2Fmedia&parent=58"}],"curies":[{"name":"wp","href":"https:\/\/api.w.org\/{rel}","templated":true}]}}